{"id":176,"date":"2026-04-19T18:20:06","date_gmt":"2026-04-19T16:20:06","guid":{"rendered":"https:\/\/poszwaala.dkonto.pl\/?page_id=176"},"modified":"2026-04-19T18:20:06","modified_gmt":"2026-04-19T16:20:06","slug":"o-mnie","status":"publish","type":"page","link":"https:\/\/pupilove3.dkonto.pl\/index.php\/o-mnie\/","title":{"rendered":"O mnie"},"content":{"rendered":"\n<h2 class=\"wp-block-heading\">Cze\u015b\u0107! Tu \u201eTa od zwierzak\u00f3w\u201d &#x1f43e;<\/h2>\n\n\n\n<p>Niekt\u00f3rzy kolekcjonuj\u0105 znaczki, inni magnesy z podr\u00f3\u017cy. Ja? Ja&nbsp;<strong>kolekcjonuj\u0119 kocie historie i psie spojrzenia<\/strong>.<\/p>\n\n\n\n<p>Oficjalnie: jestem po prostu mi\u0142o\u015bniczk\u0105 zwierz\u0105t. Nieoficjalnie: dzia\u0142am na czworonogi jak magnes. Mam w sobie jaki\u015b niewidzialny radar, kt\u00f3ry sprawia, \u017ce ka\u017cdy \u201esier\u015bciuch\u201d w okolicy \u2013 czy to rasowy kanapowiec, czy s\u0105siedzki obie\u017cy\u015bwiat \u2013 pr\u0119dzej czy p\u00f3\u017aniej trafia pod moje drzwi (a potem na moj\u0105 kanap\u0119).<\/p>\n\n\n\n<figure class=\"wp-block-gallery has-nested-images columns-default is-cropped wp-block-gallery-1 is-layout-flex wp-block-gallery-is-layout-flex\">\n<figure class=\"wp-block-image size-large\"><img decoding=\"async\" data-id=\"95\" src=\"https:\/\/pupilove3.dkonto.pl\/wp-content\/uploads\/2026\/04\/IMG_3060-2-768x1024.jpeg\" alt=\"\" class=\"wp-image-95\"\/><\/figure>\n\n\n\n<figure class=\"wp-block-image size-large\"><img decoding=\"async\" data-id=\"74\" src=\"https:\/\/pupilove3.dkonto.pl\/wp-content\/uploads\/2026\/04\/IMG_3376-2-768x1024.jpeg\" alt=\"\" class=\"wp-image-74\"\/><\/figure>\n\n\n\n<figure class=\"wp-block-image size-large\"><img loading=\"lazy\" decoding=\"async\" width=\"576\" height=\"1024\" data-id=\"34\" src=\"https:\/\/pupilove3.dkonto.pl\/wp-content\/uploads\/2026\/04\/IMG_3316-576x1024.jpeg\" alt=\"\" class=\"wp-image-34\" srcset=\"https:\/\/pupilove3.dkonto.pl\/wp-content\/uploads\/2026\/04\/IMG_3316-576x1024.jpeg 576w, https:\/\/pupilove3.dkonto.pl\/wp-content\/uploads\/2026\/04\/IMG_3316-169x300.jpeg 169w, https:\/\/pupilove3.dkonto.pl\/wp-content\/uploads\/2026\/04\/IMG_3316-768x1365.jpeg 768w, https:\/\/pupilove3.dkonto.pl\/wp-content\/uploads\/2026\/04\/IMG_3316-864x1536.jpeg 864w, https:\/\/pupilove3.dkonto.pl\/wp-content\/uploads\/2026\/04\/IMG_3316-1152x2048.jpeg 1152w, https:\/\/pupilove3.dkonto.pl\/wp-content\/uploads\/2026\/04\/IMG_3316.jpeg 1242w\" sizes=\"auto, (max-width: 576px) 100vw, 576px\" \/><\/figure>\n<\/figure>\n\n\n\n<h3 class=\"wp-block-heading\">Dlaczego ten blog?<\/h3>\n\n\n\n<p>Bo wierz\u0119, \u017ce ka\u017cde zwierz\u0119 to osobna opowie\u015b\u0107.<\/p>\n\n\n\n<ul class=\"wp-block-list\">\n<li>To tutaj poznacie\u00a0<strong>Donalda<\/strong>, kt\u00f3ry uczy mnie asertywno\u015bci.<\/li>\n\n\n\n<li>Zobaczycie\u00a0<strong>Jerry\u2019ego<\/strong>, dla kt\u00f3rego lod\u00f3wka to \u015bwi\u0119to\u015b\u0107.<\/li>\n\n\n\n<li>I przede wszystkim poznacie moj\u0105 osobist\u0105 kr\u00f3low\u0105 \u2013\u00a0<strong>Fifi<\/strong>, kt\u00f3ra ka\u017cdego dnia udowadnia mi, \u017ce spok\u00f3j to najpi\u0119kniejsza forma szcz\u0119\u015bcia.<\/li>\n<\/ul>\n\n\n\n<p>Nie znajdziecie tu sztywnych wyk\u0142ad\u00f3w. Znajdziecie za to codzienno\u015b\u0107 pe\u0142n\u0105 mruczenia, szczekania i walki o wolne miejsce na fotelu. Bo dom bez sier\u015bci to tylko budynek, a ja zdecydowanie wol\u0119, gdy moje \u017cycie jest&#8230; nieco zak\u0142aczone.<\/p>\n\n\n\n<p><strong>Rozgo\u015b\u0107 si\u0119. Tutaj ka\u017cdy ogon jest mile widziany!<\/strong><\/p>\n\n\n\n<figure class=\"wp-block-gallery has-nested-images columns-default is-cropped wp-block-gallery-2 is-layout-flex wp-block-gallery-is-layout-flex\">\n<figure class=\"wp-block-image size-large\"><img decoding=\"async\" data-id=\"133\" src=\"https:\/\/pupilove3.dkonto.pl\/wp-content\/uploads\/2026\/04\/IMG_2916-2-1024x768.jpeg\" alt=\"\" class=\"wp-image-133\"\/><\/figure>\n\n\n\n<figure class=\"wp-block-image size-large\"><img decoding=\"async\" data-id=\"135\" src=\"https:\/\/pupilove3.dkonto.pl\/wp-content\/uploads\/2026\/04\/IMG_2904-2-1024x768.jpeg\" alt=\"\" class=\"wp-image-135\"\/><\/figure>\n\n\n\n<figure class=\"wp-block-image size-large\"><img decoding=\"async\" data-id=\"104\" src=\"https:\/\/pupilove3.dkonto.pl\/wp-content\/uploads\/2026\/04\/IMG_2704-768x1024.jpeg\" alt=\"\" class=\"wp-image-104\"\/><\/figure>\n<\/figure>\n\n\n\n<p><\/p>\n\n\n\n<p><\/p>\n\n\n\n<p><\/p>\n","protected":false},"excerpt":{"rendered":"<p>Cze\u015b\u0107! Tu \u201eTa od zwierzak\u00f3w\u201d &#x1f43e; Niekt\u00f3rzy kolekcjonuj\u0105 znaczki, inni magnesy z podr\u00f3\u017cy. Ja? Ja&nbsp;kolekcjonuj\u0119 kocie historie i psie spojrzenia. Oficjalnie: jestem po prostu mi\u0142o\u015bniczk\u0105 zwierz\u0105t. Nieoficjalnie: dzia\u0142am na czworonogi jak magnes. Mam w sobie jaki\u015b niewidzialny radar, kt\u00f3ry sprawia, \u017ce ka\u017cdy \u201esier\u015bciuch\u201d w okolicy \u2013 czy to rasowy kanapowiec, czy s\u0105siedzki obie\u017cy\u015bwiat \u2013 pr\u0119dzej [&hellip;]<\/p>\n","protected":false},"author":1,"featured_media":0,"parent":0,"menu_order":0,"comment_status":"closed","ping_status":"closed","template":"","meta":{"footnotes":""},"class_list":["post-176","page","type-page","status-publish","hentry"],"_links":{"self":[{"href":"https:\/\/pupilove3.dkonto.pl\/index.php\/wp-json\/wp\/v2\/pages\/176","targetHints":{"allow":["GET"]}}],"collection":[{"href":"https:\/\/pupilove3.dkonto.pl\/index.php\/wp-json\/wp\/v2\/pages"}],"about":[{"href":"https:\/\/pupilove3.dkonto.pl\/index.php\/wp-json\/wp\/v2\/types\/page"}],"author":[{"embeddable":true,"href":"https:\/\/pupilove3.dkonto.pl\/index.php\/wp-json\/wp\/v2\/users\/1"}],"replies":[{"embeddable":true,"href":"https:\/\/pupilove3.dkonto.pl\/index.php\/wp-json\/wp\/v2\/comments?post=176"}],"version-history":[{"count":1,"href":"https:\/\/pupilove3.dkonto.pl\/index.php\/wp-json\/wp\/v2\/pages\/176\/revisions"}],"predecessor-version":[{"id":177,"href":"https:\/\/pupilove3.dkonto.pl\/index.php\/wp-json\/wp\/v2\/pages\/176\/revisions\/177"}],"wp:attachment":[{"href":"https:\/\/pupilove3.dkonto.pl\/index.php\/wp-json\/wp\/v2\/media?parent=176"}],"curies":[{"name":"wp","href":"https:\/\/api.w.org\/{rel}","templated":true}]}}