{"id":183,"date":"2026-04-19T18:26:55","date_gmt":"2026-04-19T16:26:55","guid":{"rendered":"https:\/\/poszwaala.dkonto.pl\/?page_id=183"},"modified":"2026-04-19T18:26:55","modified_gmt":"2026-04-19T16:26:55","slug":"kontakt","status":"publish","type":"page","link":"https:\/\/pupilove3.dkonto.pl\/index.php\/kontakt\/","title":{"rendered":"Kontakt"},"content":{"rendered":"\n<h2 class=\"wp-block-heading has-x-large-font-size\">Masz ochot\u0119 na ma\u0142e \u201emiau\u201d lub \u201ehau\u201d? Odezwij si\u0119!<\/h2>\n\n\n\n<p>Uwielbiam poznawa\u0107 nowych czworono\u017cnych bohater\u00f3w. Je\u015bli czujesz, \u017ce Tw\u00f3j pupil (albo s\u0105siad, kt\u00f3ry uwa\u017ca Tw\u00f3j dom za sw\u00f3j w\u0142asny) ma w sobie to \u201eco\u015b\u201d \u2013 nie trzymaj tego w tajemnicy!<\/p>\n\n\n\n<h3 class=\"wp-block-heading has-x-large-font-size\">Podziel si\u0119 histori\u0105 na blogu! &#x1f43e;<\/h3>\n\n\n\n<p>Chcesz, aby historia Twojego zwierzaka pojawi\u0142a si\u0119 na \u0142amach&nbsp;<strong>Pupilove<\/strong>? Mo\u017ce Tw\u00f3j pies ma dziwne hobby, a Tw\u00f3j kot opanowa\u0142 sztuk\u0119 otwierania lod\u00f3wki do perfekcji?<\/p>\n\n\n\n<p>Wy\u015blij mi opis swojego ulubie\u0144ca oraz kilka zdj\u0119\u0107 na adres: &#x1f4e7;&nbsp;<strong>pupilove@gmail.com<\/strong><\/p>\n\n\n\n<p>Z przyjemno\u015bci\u0105 opisz\u0119 Wasz\u0105 przygod\u0119 i przedstawi\u0119 nowego bohatera moim czytelnikom!<\/p>\n\n\n\n<h3 class=\"wp-block-heading has-x-large-font-size\">Inne sprawy?<\/h3>\n\n\n\n<p>Je\u015bli masz pytania dotycz\u0105ce wpis\u00f3w, chcesz pogada\u0107 o Shih Tzu albo po prostu przywita\u0107 si\u0119 \u2013 \u015bmia\u0142o \u0142ap za telefon lub pisz.<\/p>\n\n\n\n<p>&#x1f4de;\u00a0<strong>Telefon:<\/strong>\u00a0+48 555 123 987 <\/p>\n\n\n\n<p> &#x1f4e9;\u00a0<strong>E-mail:<\/strong>\u00a0pupilove@gmail.com<\/p>\n\n\n\n<p class=\"is-style-default has-large-font-size\"><strong>Czekam na Wasze wiadomo\u015bci \u2013 ka\u017cdy merdaj\u0105cy ogon i g\u0142o\u015bne mruczenie s\u0105 tu mile widziane!<\/strong><\/p>\n\n\n\n<p><\/p>\n","protected":false},"excerpt":{"rendered":"<p>Masz ochot\u0119 na ma\u0142e \u201emiau\u201d lub \u201ehau\u201d? Odezwij si\u0119! Uwielbiam poznawa\u0107 nowych czworono\u017cnych bohater\u00f3w. Je\u015bli czujesz, \u017ce Tw\u00f3j pupil (albo s\u0105siad, kt\u00f3ry uwa\u017ca Tw\u00f3j dom za sw\u00f3j w\u0142asny) ma w sobie to \u201eco\u015b\u201d \u2013 nie trzymaj tego w tajemnicy! Podziel si\u0119 histori\u0105 na blogu! &#x1f43e; Chcesz, aby historia Twojego zwierzaka pojawi\u0142a si\u0119 na \u0142amach&nbsp;Pupilove? Mo\u017ce [&hellip;]<\/p>\n","protected":false},"author":1,"featured_media":0,"parent":0,"menu_order":0,"comment_status":"closed","ping_status":"closed","template":"","meta":{"footnotes":""},"class_list":["post-183","page","type-page","status-publish","hentry"],"_links":{"self":[{"href":"https:\/\/pupilove3.dkonto.pl\/index.php\/wp-json\/wp\/v2\/pages\/183","targetHints":{"allow":["GET"]}}],"collection":[{"href":"https:\/\/pupilove3.dkonto.pl\/index.php\/wp-json\/wp\/v2\/pages"}],"about":[{"href":"https:\/\/pupilove3.dkonto.pl\/index.php\/wp-json\/wp\/v2\/types\/page"}],"author":[{"embeddable":true,"href":"https:\/\/pupilove3.dkonto.pl\/index.php\/wp-json\/wp\/v2\/users\/1"}],"replies":[{"embeddable":true,"href":"https:\/\/pupilove3.dkonto.pl\/index.php\/wp-json\/wp\/v2\/comments?post=183"}],"version-history":[{"count":1,"href":"https:\/\/pupilove3.dkonto.pl\/index.php\/wp-json\/wp\/v2\/pages\/183\/revisions"}],"predecessor-version":[{"id":184,"href":"https:\/\/pupilove3.dkonto.pl\/index.php\/wp-json\/wp\/v2\/pages\/183\/revisions\/184"}],"wp:attachment":[{"href":"https:\/\/pupilove3.dkonto.pl\/index.php\/wp-json\/wp\/v2\/media?parent=183"}],"curies":[{"name":"wp","href":"https:\/\/api.w.org\/{rel}","templated":true}]}}